{"id":75,"date":"2015-05-08T18:03:10","date_gmt":"2015-05-08T16:03:10","guid":{"rendered":"http:\/\/argentina.evolutiontravel.it\/infovacanze\/?page_id=75"},"modified":"2019-03-08T16:59:07","modified_gmt":"2019-03-08T15:59:07","slug":"argentina-on-the-road","status":"publish","type":"page","link":"https:\/\/argentina.evolutiontravel.it\/infovacanze\/informazioni\/argentina-on-the-road\/","title":{"rendered":"Argentina on the road"},"content":{"rendered":"<p>Un <strong>viaggio in Argentina on the road<\/strong> \u00e8 la soluzione ideale <strong>per viaggiare in piena libert\u00e0<\/strong> in questo paese.<\/p>\n<p>Se viaggia in questo modo, infatti, non dovrai rispettare itinerari prestabiliti e potrai improvvisare deviazioni all&#8217;ultimo minuto.<\/p>\n<p>Per scegliere questo &#8220;viaggio su strada&#8221; hai tre possibilit\u00e0:<\/p>\n<ul>\n<li><strong>Contattaci subito<\/strong> per ricevere le nostre offerte &#8220;<strong><em>Argentina non the road<\/em><\/strong>&#8220;.<\/li>\n<li>Guarda la nostra offerta &#8220;<a title=\"offerta viaggio argentina self drive\" href=\"https:\/\/argentina.evolutiontravel.it\/it_IT\/tab\/35026_in-macchina-alla-scoperta-del-nord-ovest.html\" target=\"_blank\" rel=\"noopener\"><u>In macchina alla scoperta del Nord Ovest<\/u><\/a>&#8220;(<strong> tipologia &#8220;<em>self drive<\/em>&#8220;<\/strong>).<\/li>\n<li>Continua a leggere per <strong>sapere come organizzare<\/strong> al meglio un viaggio su strada in questa destinazione.<\/li>\n<\/ul>\n<p>&nbsp;<\/p>\n<p><img loading=\"lazy\" decoding=\"async\" class=\"alignright wp-image-231 size-full\" src=\"https:\/\/argentina.evolutiontravel.it\/infovacanze\/wp-content\/uploads\/sites\/24\/2015\/05\/Argentina-on-the-road.jpg\" alt=\"Argentina on the road\" width=\"400\" height=\"225\" srcset=\"https:\/\/argentina.evolutiontravel.it\/infovacanze\/wp-content\/uploads\/sites\/24\/2015\/05\/Argentina-on-the-road.jpg 400w, https:\/\/argentina.evolutiontravel.it\/infovacanze\/wp-content\/uploads\/sites\/24\/2015\/05\/Argentina-on-the-road-300x169.jpg 300w\" sizes=\"(max-width: 400px) 100vw, 400px\" \/>La prima cosa da valutare \u00e8<strong> quando andare<\/strong>, soprattutto se vuoi <strong>viaggiare in moto<\/strong>: bisogna tener presente che qui le <strong>stagioni sono opposte<\/strong> rispetto alle nostre.<\/p>\n<p><strong>Per guidare in Argentina<\/strong> occorre avere la <strong>patente internazionale<\/strong>. Pu\u00f2 essere richiesta con un modulo da presentare all&#8217;Ufficio Provinciale della Direzione Generale della Motorizzazione Civile del luogo di residenza.<\/p>\n<p><strong>Il mezzo di trasporto<\/strong>, auto o moto, pu\u00f2 essere prenotato da casa contattando le compagnie locali e poi confrontando prezzi e disponibilit\u00e0. Sar\u00e0 bene anche farsi consigliare sul tipo di veicolo in base all&#8217;itinerario da percorrere.<\/p>\n<p>\u00c8 importante avere <strong>cartine stradali<\/strong> o, ancora meglio, un <strong>navigatore satellitare<\/strong>.<\/p>\n<p>Se viaggi in moto ricorda che <strong>l&#8217;uso del casco \u00e8 obbligatorio<\/strong> e che tutti i veicoli a motore devono tenere i <strong>fari accesi<\/strong> anche durante il giorno.<\/p>\n<p>Rispetta il limite di velocit\u00e0, che qui si aggira attorno ai cento 100km orari, e non dimenticare di <b>fare sempre il pieno di carburante<\/b>. In diverse zone dell&#8217;Argentina<strong> e soprattutto a sud, i distributori di benzina non si incontrano di frequente<\/strong>.<\/p>\n<p>Oltre a Buenos Aires, la capitale piena<strong><a title=\"argentina cosa vedere\" href=\"https:\/\/argentina.evolutiontravel.it\/infovacanze\/vedere\/\"> luoghi da visitare,<\/a><\/strong> per fare un breve elenco non perdete:<\/p>\n<ul>\n<li>le cascate dell&#8217;Iguaz\u00f9 e del Saltos del Mocon\u00e0;<\/li>\n<li>Valle della Luna e il Canyon di Talampaya;<\/li>\n<li>Ushuaia e la penisola di Valdez, che \u00e8 una delle pi\u00f9 importanti riserve di fauna marina della regione.<\/li>\n<\/ul>\n<p>Da fare, infine, un <strong>tour su strada<\/strong> per ammirare gli altri splendidi e <strong>sconfinati paesaggi della Patagonia<\/strong>.<\/p>\n<p>&nbsp;<\/p>\n<h3 style=\"text-align: center\">&#8220;<span style=\"color: #008000\">SPECIALE ARGENTINA<\/span>&#8221; con le <span style=\"color: #008000\">IMPERDIBILI OFFERTE<\/span> di Evolution Travel<\/h3>\n<p style=\"text-align: center\">Vuoi vedere subito<strong> in un click<\/strong> tutti i dettagli del viaggio per l&#8217;Argentina?<\/p>\n<p style=\"text-align: center\"><strong><span style=\"color: #008000\">CLICCA E SCOPRI<\/span><\/strong>: <strong>programma<\/strong>,<strong> foto<\/strong>, <strong>commenti<\/strong>, <strong>itinerari<\/strong> e altro ancora!<\/p>\n<div class=\"feedzy-91f5eabf19ca78bfdfffc90a416f9d17 feedzy-rss\">\n\t\t<ul class=\"feedzy-style2\">\n\t\t\t\t\t<li  style=\"padding: 23px 0 38px\" class=\"rss_item feedzy-rss-col-3\" >\n\t\t\t\t\t\t\t\t\t<div class=\"rss_image\" style=\"width:225px; height:225px;\">\n\t\t\t\t\t\t<a href=\"https:\/\/argentina.evolutiontravel.it\/it_IT\/866\/tab\/31274_sulla-rotta-di-magellano.html\" target=\"_blank\" \n\t\t\t\t\t\t\trel=\"noopener \"\n\t\t\t\t\t\t\ttitle=\"Sulla rotta di Magellano\"\n\t\t\t\t\t\t\tstyle=\"width:225px; height:225px;\">\n\t\t\t\t\t\t\t<span class=\"fetched\" style=\"background-image:  url('http:\/\/etcdn.net\/thumbnails\/31274\/it-buenos-aires-sulla-rotta-di-magellano-8010a.jpg');\" title=\"Sulla rotta di Magellano\"><\/span><amp-img width=\"225\" height=\"225\" src=\"http:\/\/etcdn.net\/thumbnails\/31274\/it-buenos-aires-sulla-rotta-di-magellano-8010a.jpg\">\t\t\t\t\t\t<\/a>\n\t\t\t\t\t<\/div>\n\t\t\t\t\t\t\t\t<div class=\"rss_content_wrap\">\n\t\t\t\t\t<span class=\"title\">\n\t\t\t\t\t\t<a href=\"https:\/\/argentina.evolutiontravel.it\/it_IT\/866\/tab\/31274_sulla-rotta-di-magellano.html\" target=\"_blank\"  rel=\"noopener \">\n\t\t\t\t\t\t\tSulla rotta di Magellano\t\t\t\t\t\t<\/a>\n\t\t\t\t\t<\/span>\n\t\t\t\t\t<div class=\"rss_content\"\n\t\t\t\t\t\t\tstyle=\"\">\n\t\t\t\t\t\t\n\t\t\t\t\t\t\t\t\t\t\t\t<p class=\"description\">Un itinerario via terra alla scoperta della Patagonia da Buenos Aires fino a Ushuaia, con tappe al Perito Morenoe Trelew Volo [&hellip;]<\/p>\n\t\t\t\t\t\t\n\t\t\t\t\t\t\t\t\t\t\t\t\t\t\t\t\t\t\t<div class=\"price-wrap\">\n\t\t\t\t\t\t\t\t<a href=\"https:\/\/argentina.evolutiontravel.it\/it_IT\/866\/tab\/31274_sulla-rotta-di-magellano.html\" target=\"_blank\" rel=\"noopener\"><button class=\"price\"> 3499<\/button><\/a>\n\t\t\t\t\t\t\t<\/div>\n\t\t\t\t\t\t\t\t\t\t\t<\/div>\n\t\t\t\t<\/div>\n\t\t\t<\/li>\n\t\t\t\t\t\t<li  style=\"padding: 23px 0 38px\" class=\"rss_item feedzy-rss-col-3\" >\n\t\t\t\t\t\t\t\t\t<div class=\"rss_image\" style=\"width:225px; height:225px;\">\n\t\t\t\t\t\t<a href=\"https:\/\/argentina.evolutiontravel.it\/it_IT\/866\/tab\/40097_tra-patagonia-iguazu-veri-paradisi-naturalistici-partenza-garantita.html\" target=\"_blank\" \n\t\t\t\t\t\t\trel=\"noopener \"\n\t\t\t\t\t\t\ttitle=\"Tra Patagonia &amp; Iguaz\u00f9 .. veri Paradisi Naturalistici - Partenza Garantita\"\n\t\t\t\t\t\t\tstyle=\"width:225px; height:225px;\">\n\t\t\t\t\t\t\t<span class=\"fetched\" style=\"background-image:  url('http:\/\/etcdn.net\/thumbnails\/37140\/it-buenos-aires-tra-patagonia-iguazu-veri-paradisi-naturalistici-701ba.jpg');\" title=\"Tra Patagonia &amp; Iguaz\u00f9 .. veri Paradisi Naturalistici - Partenza Garantita\"><\/span><amp-img width=\"225\" height=\"225\" src=\"http:\/\/etcdn.net\/thumbnails\/37140\/it-buenos-aires-tra-patagonia-iguazu-veri-paradisi-naturalistici-701ba.jpg\">\t\t\t\t\t\t<\/a>\n\t\t\t\t\t<\/div>\n\t\t\t\t\t\t\t\t<div class=\"rss_content_wrap\">\n\t\t\t\t\t<span class=\"title\">\n\t\t\t\t\t\t<a href=\"https:\/\/argentina.evolutiontravel.it\/it_IT\/866\/tab\/40097_tra-patagonia-iguazu-veri-paradisi-naturalistici-partenza-garantita.html\" target=\"_blank\"  rel=\"noopener \">\n\t\t\t\t\t\t\tTra Patagonia &amp; Iguaz\u00f9 .. veri Paradisi Naturalistici - Partenza Garantita\t\t\t\t\t\t<\/a>\n\t\t\t\t\t<\/span>\n\t\t\t\t\t<div class=\"rss_content\"\n\t\t\t\t\t\t\tstyle=\"\">\n\t\t\t\t\t\t\n\t\t\t\t\t\t\t\t\t\t\t\t<p class=\"description\">\u00c8 l'itinerario migliore per chi desidera toccare tutte le localit\u00e0 di maggior interesse dell'Argentina<\/p>\n\t\t\t\t\t\t\n\t\t\t\t\t\t\t\t\t\t\t\t\t\t\t\t\t\t\t<div class=\"price-wrap\">\n\t\t\t\t\t\t\t\t<a href=\"https:\/\/argentina.evolutiontravel.it\/it_IT\/866\/tab\/40097_tra-patagonia-iguazu-veri-paradisi-naturalistici-partenza-garantita.html\" target=\"_blank\" rel=\"noopener\"><button class=\"price\"> 3269<\/button><\/a>\n\t\t\t\t\t\t\t<\/div>\n\t\t\t\t\t\t\t\t\t\t\t<\/div>\n\t\t\t\t<\/div>\n\t\t\t<\/li>\n\t\t\t\t\t\t<li  style=\"padding: 23px 0 38px\" class=\"rss_item feedzy-rss-col-3\" >\n\t\t\t\t\t\t\t\t\t<div class=\"rss_image\" style=\"width:225px; height:225px;\">\n\t\t\t\t\t\t<a href=\"https:\/\/argentina.evolutiontravel.it\/it_IT\/866\/tab\/588_alla-scoperta-delle-due-patagonie-e-el-cruce-andino.html\" target=\"_blank\" \n\t\t\t\t\t\t\trel=\"noopener \"\n\t\t\t\t\t\t\ttitle=\"Alla scoperta delle due Patagonie e El Cruce Andino\"\n\t\t\t\t\t\t\tstyle=\"width:225px; height:225px;\">\n\t\t\t\t\t\t\t<span class=\"fetched\" style=\"background-image:  url('http:\/\/etcdn.net\/thumbnails\/588\/it-bariloche-alla-scoperta-delle-due-patagonie-largentina-e-la-cilena-59469.jpg');\" title=\"Alla scoperta delle due Patagonie e El Cruce Andino\"><\/span><amp-img width=\"225\" height=\"225\" src=\"http:\/\/etcdn.net\/thumbnails\/588\/it-bariloche-alla-scoperta-delle-due-patagonie-largentina-e-la-cilena-59469.jpg\">\t\t\t\t\t\t<\/a>\n\t\t\t\t\t<\/div>\n\t\t\t\t\t\t\t\t<div class=\"rss_content_wrap\">\n\t\t\t\t\t<span class=\"title\">\n\t\t\t\t\t\t<a href=\"https:\/\/argentina.evolutiontravel.it\/it_IT\/866\/tab\/588_alla-scoperta-delle-due-patagonie-e-el-cruce-andino.html\" target=\"_blank\"  rel=\"noopener \">\n\t\t\t\t\t\t\tAlla scoperta delle due Patagonie e El Cruce Andino\t\t\t\t\t\t<\/a>\n\t\t\t\t\t<\/span>\n\t\t\t\t\t<div class=\"rss_content\"\n\t\t\t\t\t\t\tstyle=\"\">\n\t\t\t\t\t\t\n\t\t\t\t\t\t\t\t\t\t\t\t<p class=\"description\">Da Bariloche alle Torri del Paine, quindi la Patagonia argentina e cilena, un'esperienza unica per conoscere le meraviglie di [&hellip;]<\/p>\n\t\t\t\t\t\t\n\t\t\t\t\t\t\t\t\t\t\t\t\t\t\t\t\t\t\t<div class=\"price-wrap\">\n\t\t\t\t\t\t\t\t<a href=\"https:\/\/argentina.evolutiontravel.it\/it_IT\/866\/tab\/588_alla-scoperta-delle-due-patagonie-e-el-cruce-andino.html\" target=\"_blank\" rel=\"noopener\"><button class=\"price\"> 2999<\/button><\/a>\n\t\t\t\t\t\t\t<\/div>\n\t\t\t\t\t\t\t\t\t\t\t<\/div>\n\t\t\t\t<\/div>\n\t\t\t<\/li>\n\t\t\t\t\t\t<li  style=\"padding: 23px 0 38px\" class=\"rss_item feedzy-rss-col-3\" >\n\t\t\t\t\t\t\t\t\t<div class=\"rss_image\" style=\"width:225px; height:225px;\">\n\t\t\t\t\t\t<a href=\"https:\/\/argentina.evolutiontravel.it\/it_IT\/866\/tab\/31289_maestoso-nord-la-puna-argentina.html\" target=\"_blank\" \n\t\t\t\t\t\t\trel=\"noopener \"\n\t\t\t\t\t\t\ttitle=\"Maestoso Nord: La Puna Argentina\"\n\t\t\t\t\t\t\tstyle=\"width:225px; height:225px;\">\n\t\t\t\t\t\t\t<span class=\"fetched\" style=\"background-image:  url('http:\/\/etcdn.net\/thumbnails\/31289\/it-buenos-aires-maestoso-nord-la-puna-argentina-843e9.jpg');\" title=\"Maestoso Nord: La Puna Argentina\"><\/span><amp-img width=\"225\" height=\"225\" src=\"http:\/\/etcdn.net\/thumbnails\/31289\/it-buenos-aires-maestoso-nord-la-puna-argentina-843e9.jpg\">\t\t\t\t\t\t<\/a>\n\t\t\t\t\t<\/div>\n\t\t\t\t\t\t\t\t<div class=\"rss_content_wrap\">\n\t\t\t\t\t<span class=\"title\">\n\t\t\t\t\t\t<a href=\"https:\/\/argentina.evolutiontravel.it\/it_IT\/866\/tab\/31289_maestoso-nord-la-puna-argentina.html\" target=\"_blank\"  rel=\"noopener \">\n\t\t\t\t\t\t\tMaestoso Nord: La Puna Argentina\t\t\t\t\t\t<\/a>\n\t\t\t\t\t<\/span>\n\t\t\t\t\t<div class=\"rss_content\"\n\t\t\t\t\t\t\tstyle=\"\">\n\t\t\t\t\t\t\n\t\t\t\t\t\t\t\t\t\t\t\t<p class=\"description\">Cascate, monti colorati,\u00a0valle della luna, grandi laghi andini... sono solo alcuni dei luoghi magici che si visiteranno in [&hellip;]<\/p>\n\t\t\t\t\t\t\n\t\t\t\t\t\t\t\t\t\t\t\t\t\t\t\t\t\t\t<div class=\"price-wrap\">\n\t\t\t\t\t\t\t\t<a href=\"https:\/\/argentina.evolutiontravel.it\/it_IT\/866\/tab\/31289_maestoso-nord-la-puna-argentina.html\" target=\"_blank\" rel=\"noopener\"><button class=\"price\"> 2990<\/button><\/a>\n\t\t\t\t\t\t\t<\/div>\n\t\t\t\t\t\t\t\t\t\t\t<\/div>\n\t\t\t\t<\/div>\n\t\t\t<\/li>\n\t\t\t\t\t\t<li  style=\"padding: 23px 0 38px\" class=\"rss_item feedzy-rss-col-3\" >\n\t\t\t\t\t\t\t\t\t<div class=\"rss_image\" style=\"width:225px; height:225px;\">\n\t\t\t\t\t\t<a href=\"https:\/\/argentina.evolutiontravel.it\/it_IT\/866\/tab\/30298_tra-fauna-e-natura-di-argentina-e-brasile.html\" target=\"_blank\" \n\t\t\t\t\t\t\trel=\"noopener \"\n\t\t\t\t\t\t\ttitle=\"Tra Fauna e Natura di Argentina e Brasile!\"\n\t\t\t\t\t\t\tstyle=\"width:225px; height:225px;\">\n\t\t\t\t\t\t\t<span class=\"fetched\" style=\"background-image:  url('http:\/\/etcdn.net\/thumbnails\/30298\/it-buenos-aires-tra-fauna-e-natura-di-argentina-e-brasile-80676.jpg');\" title=\"Tra Fauna e Natura di Argentina e Brasile!\"><\/span><amp-img width=\"225\" height=\"225\" src=\"http:\/\/etcdn.net\/thumbnails\/30298\/it-buenos-aires-tra-fauna-e-natura-di-argentina-e-brasile-80676.jpg\">\t\t\t\t\t\t<\/a>\n\t\t\t\t\t<\/div>\n\t\t\t\t\t\t\t\t<div class=\"rss_content_wrap\">\n\t\t\t\t\t<span class=\"title\">\n\t\t\t\t\t\t<a href=\"https:\/\/argentina.evolutiontravel.it\/it_IT\/866\/tab\/30298_tra-fauna-e-natura-di-argentina-e-brasile.html\" target=\"_blank\"  rel=\"noopener \">\n\t\t\t\t\t\t\tTra Fauna e Natura di Argentina e Brasile!\t\t\t\t\t\t<\/a>\n\t\t\t\t\t<\/span>\n\t\t\t\t\t<div class=\"rss_content\"\n\t\t\t\t\t\t\tstyle=\"\">\n\t\t\t\t\t\t\n\t\t\t\t\t\t\t\t\t\t\t\t<p class=\"description\">Un\u00a0tour ricchissimo di Flora e Fauna\u00a0alla scoperta dell'Argentina pi\u00f9 naturale per finire a Rio!!<\/p>\n\t\t\t\t\t\t\n\t\t\t\t\t\t\t\t\t\t\t\t\t\t\t\t\t\t\t<div class=\"price-wrap\">\n\t\t\t\t\t\t\t\t<a href=\"https:\/\/argentina.evolutiontravel.it\/it_IT\/866\/tab\/30298_tra-fauna-e-natura-di-argentina-e-brasile.html\" target=\"_blank\" rel=\"noopener\"><button class=\"price\"> 3479<\/button><\/a>\n\t\t\t\t\t\t\t<\/div>\n\t\t\t\t\t\t\t\t\t\t\t<\/div>\n\t\t\t\t<\/div>\n\t\t\t<\/li>\n\t\t\t\t\t\t<li  style=\"padding: 23px 0 38px\" class=\"rss_item feedzy-rss-col-3\" >\n\t\t\t\t\t\t\t\t\t<div class=\"rss_image\" style=\"width:225px; height:225px;\">\n\t\t\t\t\t\t<a href=\"https:\/\/argentina.evolutiontravel.it\/it_IT\/866\/tab\/35471_trekking-in-patagonia.html\" target=\"_blank\" \n\t\t\t\t\t\t\trel=\"noopener \"\n\t\t\t\t\t\t\ttitle=\"Trekking in Patagonia\"\n\t\t\t\t\t\t\tstyle=\"width:225px; height:225px;\">\n\t\t\t\t\t\t\t<span class=\"fetched\" style=\"background-image:  url('http:\/\/etcdn.net\/thumbnails\/35471\/it-buenos-aires-overland-patagonia-e-ruta-40-80649.jpg');\" title=\"Trekking in Patagonia\"><\/span><amp-img width=\"225\" height=\"225\" src=\"http:\/\/etcdn.net\/thumbnails\/35471\/it-buenos-aires-overland-patagonia-e-ruta-40-80649.jpg\">\t\t\t\t\t\t<\/a>\n\t\t\t\t\t<\/div>\n\t\t\t\t\t\t\t\t<div class=\"rss_content_wrap\">\n\t\t\t\t\t<span class=\"title\">\n\t\t\t\t\t\t<a href=\"https:\/\/argentina.evolutiontravel.it\/it_IT\/866\/tab\/35471_trekking-in-patagonia.html\" target=\"_blank\"  rel=\"noopener \">\n\t\t\t\t\t\t\tTrekking in Patagonia\t\t\t\t\t\t<\/a>\n\t\t\t\t\t<\/span>\n\t\t\t\t\t<div class=\"rss_content\"\n\t\t\t\t\t\t\tstyle=\"\">\n\t\t\t\t\t\t\n\t\t\t\t\t\t\t\t\t\t\t\t<p class=\"description\">Un viaggio da veri intenditori di Trekking e camminate a piedi alla scoperta della Patagonia pi\u00f9 vera.\u00a0<\/p>\n\t\t\t\t\t\t\n\t\t\t\t\t\t\t\t\t\t\t\t\t\t\t\t\t\t\t<div class=\"price-wrap\">\n\t\t\t\t\t\t\t\t<a href=\"https:\/\/argentina.evolutiontravel.it\/it_IT\/866\/tab\/35471_trekking-in-patagonia.html\" target=\"_blank\" rel=\"noopener\"><button class=\"price\"> 2999<\/button><\/a>\n\t\t\t\t\t\t\t<\/div>\n\t\t\t\t\t\t\t\t\t\t\t<\/div>\n\t\t\t\t<\/div>\n\t\t\t<\/li>\n\t\t\t\t<\/ul>\n<\/div>\n<style type=\"text\/css\" media=\"all\">.feedzy-rss .rss_item .rss_image{float:left;position:relative;border:none;text-decoration:none;max-width:100%}.feedzy-rss .rss_item .rss_image span{display:inline-block;position:absolute;width:100%;height:100%;background-position:50%;background-size:cover}.feedzy-rss .rss_item .rss_image{margin:.3em 1em 0 0;content-visibility:auto}.feedzy-rss ul{list-style:none}.feedzy-rss ul li{display:inline-block}<\/style>\n","protected":false},"excerpt":{"rendered":"<p>Un viaggio in Argentina on the road \u00e8 la soluzione ideale per viaggiare in piena libert\u00e0 in questo paese. Se viaggia in questo modo, infatti, non dovrai rispettare itinerari prestabiliti e potrai improvvisare deviazioni all&#8217;ultimo minuto. Per scegliere questo &#8220;viaggio su strada&#8221; hai tre possibilit\u00e0: Contattaci subito per ricevere le nostre offerte &#8220;Argentina non the <a class=\"moretag\" href=\"https:\/\/argentina.evolutiontravel.it\/infovacanze\/informazioni\/argentina-on-the-road\/\">[&#8230;]<\/a><\/p>\n","protected":false},"author":6,"featured_media":0,"parent":8,"menu_order":0,"comment_status":"closed","ping_status":"open","template":"templates\/template-with-right-sidebar.php","meta":{"footnotes":""},"yoast_head":"<!-- This site is optimized with the Yoast SEO plugin v21.9.1 - https:\/\/yoast.com\/wordpress\/plugins\/seo\/ -->\n<title>Argentina on the road: viaggio su strada per scoprire il paese<\/title>\n<meta name=\"description\" content=\"Argentina on the road: viaggio su strada con auto o moto per scoprire l&#039;Argentina. Leggi il nostro articolo e parti con noi!\" \/>\n<meta name=\"robots\" content=\"index, follow, max-snippet:-1, max-image-preview:large, max-video-preview:-1\" \/>\n<link rel=\"canonical\" href=\"https:\/\/argentina.evolutiontravel.it\/infovacanze\/informazioni\/argentina-on-the-road\/\" \/>\n<meta property=\"og:locale\" content=\"it_IT\" \/>\n<meta property=\"og:type\" content=\"article\" \/>\n<meta property=\"og:title\" content=\"Argentina on the road: viaggio su strada per scoprire il paese\" \/>\n<meta property=\"og:description\" content=\"Argentina on the road: viaggio su strada con auto o moto per scoprire l&#039;Argentina. Leggi il nostro articolo e parti con noi!\" \/>\n<meta property=\"og:url\" content=\"https:\/\/argentina.evolutiontravel.it\/infovacanze\/informazioni\/argentina-on-the-road\/\" \/>\n<meta property=\"og:site_name\" content=\"Argentina\" \/>\n<meta property=\"article:modified_time\" content=\"2019-03-08T15:59:07+00:00\" \/>\n<meta property=\"og:image\" content=\"https:\/\/argentina.evolutiontravel.it\/infovacanze\/wp-content\/uploads\/sites\/24\/2015\/05\/Argentina-on-the-road.jpg\" \/>\n<meta name=\"twitter:label1\" content=\"Tempo di lettura stimato\" \/>\n\t<meta name=\"twitter:data1\" content=\"2 minuti\" \/>\n<script type=\"application\/ld+json\" class=\"yoast-schema-graph\">{\"@context\":\"https:\/\/schema.org\",\"@graph\":[{\"@type\":\"WebPage\",\"@id\":\"https:\/\/argentina.evolutiontravel.it\/infovacanze\/informazioni\/argentina-on-the-road\/\",\"url\":\"https:\/\/argentina.evolutiontravel.it\/infovacanze\/informazioni\/argentina-on-the-road\/\",\"name\":\"Argentina on the road: viaggio su strada per scoprire il paese\",\"isPartOf\":{\"@id\":\"https:\/\/argentina.evolutiontravel.it\/infovacanze\/#website\"},\"datePublished\":\"2015-05-08T16:03:10+00:00\",\"dateModified\":\"2019-03-08T15:59:07+00:00\",\"description\":\"Argentina on the road: viaggio su strada con auto o moto per scoprire l'Argentina. Leggi il nostro articolo e parti con noi!\",\"breadcrumb\":{\"@id\":\"https:\/\/argentina.evolutiontravel.it\/infovacanze\/informazioni\/argentina-on-the-road\/#breadcrumb\"},\"inLanguage\":\"it-IT\",\"potentialAction\":[{\"@type\":\"ReadAction\",\"target\":[\"https:\/\/argentina.evolutiontravel.it\/infovacanze\/informazioni\/argentina-on-the-road\/\"]}]},{\"@type\":\"BreadcrumbList\",\"@id\":\"https:\/\/argentina.evolutiontravel.it\/infovacanze\/informazioni\/argentina-on-the-road\/#breadcrumb\",\"itemListElement\":[{\"@type\":\"ListItem\",\"position\":1,\"name\":\"Informazioni per il viaggio\",\"item\":\"https:\/\/argentina.evolutiontravel.it\/infovacanze\/informazioni\/\"},{\"@type\":\"ListItem\",\"position\":2,\"name\":\"Argentina on the road\"}]},{\"@type\":\"WebSite\",\"@id\":\"https:\/\/argentina.evolutiontravel.it\/infovacanze\/#website\",\"url\":\"https:\/\/argentina.evolutiontravel.it\/infovacanze\/\",\"name\":\"Argentina\",\"description\":\"\",\"potentialAction\":[{\"@type\":\"SearchAction\",\"target\":{\"@type\":\"EntryPoint\",\"urlTemplate\":\"https:\/\/argentina.evolutiontravel.it\/infovacanze\/?s={search_term_string}\"},\"query-input\":\"required name=search_term_string\"}],\"inLanguage\":\"it-IT\"}]}<\/script>\n<!-- \/ Yoast SEO plugin. -->","yoast_head_json":{"title":"Argentina on the road: viaggio su strada per scoprire il paese","description":"Argentina on the road: viaggio su strada con auto o moto per scoprire l'Argentina. Leggi il nostro articolo e parti con noi!","robots":{"index":"index","follow":"follow","max-snippet":"max-snippet:-1","max-image-preview":"max-image-preview:large","max-video-preview":"max-video-preview:-1"},"canonical":"https:\/\/argentina.evolutiontravel.it\/infovacanze\/informazioni\/argentina-on-the-road\/","og_locale":"it_IT","og_type":"article","og_title":"Argentina on the road: viaggio su strada per scoprire il paese","og_description":"Argentina on the road: viaggio su strada con auto o moto per scoprire l'Argentina. Leggi il nostro articolo e parti con noi!","og_url":"https:\/\/argentina.evolutiontravel.it\/infovacanze\/informazioni\/argentina-on-the-road\/","og_site_name":"Argentina","article_modified_time":"2019-03-08T15:59:07+00:00","og_image":[{"url":"https:\/\/argentina.evolutiontravel.it\/infovacanze\/wp-content\/uploads\/sites\/24\/2015\/05\/Argentina-on-the-road.jpg"}],"twitter_misc":{"Tempo di lettura stimato":"2 minuti"},"schema":{"@context":"https:\/\/schema.org","@graph":[{"@type":"WebPage","@id":"https:\/\/argentina.evolutiontravel.it\/infovacanze\/informazioni\/argentina-on-the-road\/","url":"https:\/\/argentina.evolutiontravel.it\/infovacanze\/informazioni\/argentina-on-the-road\/","name":"Argentina on the road: viaggio su strada per scoprire il paese","isPartOf":{"@id":"https:\/\/argentina.evolutiontravel.it\/infovacanze\/#website"},"datePublished":"2015-05-08T16:03:10+00:00","dateModified":"2019-03-08T15:59:07+00:00","description":"Argentina on the road: viaggio su strada con auto o moto per scoprire l'Argentina. Leggi il nostro articolo e parti con noi!","breadcrumb":{"@id":"https:\/\/argentina.evolutiontravel.it\/infovacanze\/informazioni\/argentina-on-the-road\/#breadcrumb"},"inLanguage":"it-IT","potentialAction":[{"@type":"ReadAction","target":["https:\/\/argentina.evolutiontravel.it\/infovacanze\/informazioni\/argentina-on-the-road\/"]}]},{"@type":"BreadcrumbList","@id":"https:\/\/argentina.evolutiontravel.it\/infovacanze\/informazioni\/argentina-on-the-road\/#breadcrumb","itemListElement":[{"@type":"ListItem","position":1,"name":"Informazioni per il viaggio","item":"https:\/\/argentina.evolutiontravel.it\/infovacanze\/informazioni\/"},{"@type":"ListItem","position":2,"name":"Argentina on the road"}]},{"@type":"WebSite","@id":"https:\/\/argentina.evolutiontravel.it\/infovacanze\/#website","url":"https:\/\/argentina.evolutiontravel.it\/infovacanze\/","name":"Argentina","description":"","potentialAction":[{"@type":"SearchAction","target":{"@type":"EntryPoint","urlTemplate":"https:\/\/argentina.evolutiontravel.it\/infovacanze\/?s={search_term_string}"},"query-input":"required name=search_term_string"}],"inLanguage":"it-IT"}]}},"_links":{"self":[{"href":"https:\/\/argentina.evolutiontravel.it\/infovacanze\/wp-json\/wp\/v2\/pages\/75"}],"collection":[{"href":"https:\/\/argentina.evolutiontravel.it\/infovacanze\/wp-json\/wp\/v2\/pages"}],"about":[{"href":"https:\/\/argentina.evolutiontravel.it\/infovacanze\/wp-json\/wp\/v2\/types\/page"}],"author":[{"embeddable":true,"href":"https:\/\/argentina.evolutiontravel.it\/infovacanze\/wp-json\/wp\/v2\/users\/6"}],"replies":[{"embeddable":true,"href":"https:\/\/argentina.evolutiontravel.it\/infovacanze\/wp-json\/wp\/v2\/comments?post=75"}],"version-history":[{"count":20,"href":"https:\/\/argentina.evolutiontravel.it\/infovacanze\/wp-json\/wp\/v2\/pages\/75\/revisions"}],"predecessor-version":[{"id":501,"href":"https:\/\/argentina.evolutiontravel.it\/infovacanze\/wp-json\/wp\/v2\/pages\/75\/revisions\/501"}],"up":[{"embeddable":true,"href":"https:\/\/argentina.evolutiontravel.it\/infovacanze\/wp-json\/wp\/v2\/pages\/8"}],"wp:attachment":[{"href":"https:\/\/argentina.evolutiontravel.it\/infovacanze\/wp-json\/wp\/v2\/media?parent=75"}],"curies":[{"name":"wp","href":"https:\/\/api.w.org\/{rel}","templated":true}]}}