{"id":79,"date":"2015-05-11T11:19:48","date_gmt":"2015-05-11T09:19:48","guid":{"rendered":"http:\/\/argentina.evolutiontravel.it\/infovacanze\/?page_id=79"},"modified":"2019-03-08T16:17:35","modified_gmt":"2019-03-08T15:17:35","slug":"argentina-viaggio-fai-da-te","status":"publish","type":"page","link":"https:\/\/argentina.evolutiontravel.it\/infovacanze\/informazioni\/argentina-viaggio-fai-da-te\/","title":{"rendered":"Fai da te Argentina, pro e contro del viaggio"},"content":{"rendered":"<p>Ogni viaggio <strong>&#8220;fai da te&#8221; in Argentina<\/strong> e in qualunque altra destinazione ha <strong>vantaggi e svantaggi<\/strong>.<\/p>\n<p>Chi \u00e8 abituato a <strong>spostarsi in autonomia<\/strong> preferisce il fai da te per decidere l&#8217;itinerario. Il &#8220;contro&#8221; \u00e8 che non conoscendo il paese e i luoghi pi\u00f9 belli da visitare si <strong>rischia di perdere proprio il meglio<\/strong>.<\/p>\n<p>I turisti pi\u00f9 avventurosi acquistano i biglietti aerei per poi improvvisare tutta la vacanza. Per evitare brutte sorprese, la cosa migliore \u00e8 pianificare il viaggio con l&#8217;aiuto di <strong>nostro consulente di viaggio<\/strong> esperto proprio in Argentina.<\/p>\n<p>Grazie a Internet si possono acquistare voli, prenotare alberghi e anche noleggiare l&#8217;automobile. Tuttavia questa soluzione \u00e8 rischiosa: non avrete alcuna garanzia sulla qualit\u00e0 di hotel, itinerari di viaggio, sulle localit\u00e0 scelte, ecc.<\/p>\n<p>Qualunque sia la scelta, tour organizzato o in autonomia, vi diamo qualche suggerimento per un <strong>itinerario di viaggio <\/strong>&#8220;fai da te&#8221; che <strong>parte dalla capitale: <\/strong><strong>Buenos Aires<\/strong>. Fate una sosta di qualche giorno e vedrete quartieri pittoreschi, musei, teatri, ristoranti e locali in cui si balla il tango.<\/p>\n<p>Altra tappa \u00e8 <strong>il Parque Nacionale Iguaz\u00f9<\/strong> dove si trovano le Cataratas el Ignaz\u00f9, spettacolari cascate condivise da Argentina e Brasile.<\/p>\n<p>Da non perdere <strong>i paesaggi della Patagonia<\/strong>, tra cui i colossali ghiacciai del Parco nazionale Los Glaciares, la steppa, i laghi e le montagne, dove si possono anche scoprire interessanti testimonianze archeologiche precolombiane.<\/p>\n<p>Chi vuole raggiungere &#8220;<em>la fine del mondo<\/em>&#8221; pu\u00f2 proseguire a sud verso<strong> la Tierra del Fuego<\/strong> caratterizzata da una natura selvaggia popolata di molte specie animali e di vegetali e con pochi centri abitati, tra cui <strong>Ushuaia<\/strong>.<\/p>\n<p>Da vedere anche <strong>Cordoba<\/strong> che conserva un prezioso <strong>patrimonio architettonico<\/strong>, con molti edifici del periodo coloniale, alcuni dei quali sono stati dichiarati Patrimonio Mondiale dell&#8217;umanit\u00e0 dall&#8217;Unesco.<\/p>\n<p>Agli <strong>amanti del mare e del divertimento<\/strong> si consiglia, infine, <strong>Mar del Plata<\/strong>, una frequentatissima localit\u00e0 balneare che si affaccia sull&#8221;Oceano Atlantico e che offre circa dieci chilometri di litorale sabbioso e locali di ogni genere.<\/p>\n<p>Per approfondire gli argomenti trattati in questo articolo clicca su quello di tuo interesse oppure <strong><span style=\"color: #008000\">GUARDA SUBITO LE OFFERTE<\/span><\/strong>!<\/p>\n<ul>\n<li><a title=\"cosa vedere buenos aires\" href=\"https:\/\/argentina.evolutiontravel.it\/infovacanze\/vedere\/da-vedere-a-buenos-aires\/\">Lughi di interesse a Buenos Aires<\/a><\/li>\n<li><a title=\"patagonia\" href=\"https:\/\/argentina.evolutiontravel.it\/infovacanze\/vedere\/visitare-la-patagonia\/\">Cosa vedere in Patagonia?<\/a><\/li>\n<li><a title=\"cordoba\" href=\"https:\/\/argentina.evolutiontravel.it\/infovacanze\/vedere\/da-vedere-a-cordoba\/\">Cordoba<\/a><\/li>\n<li><a title=\"spiagge argentina\" href=\"https:\/\/argentina.evolutiontravel.it\/infovacanze\/vedere\/le-spiagge-piu-belle\/\">Spiagge dell&#8217;Argentina<\/a><\/li>\n<\/ul>\n<p>&nbsp;<\/p>\n<h3 style=\"text-align: center\">Offerte viaggi &#8220;<strong><span style=\"color: #008000\">SPECIALE ARGENTINA<\/span><\/strong>&#8221; con Evolution Travel<\/h3>\n<p style=\"text-align: center\">Scopri subito <strong>tutti i dettagli dei nostri viaggi<\/strong>: programma, commenti, foto, itinerari, servizi inclusi e molto altro!<\/p>\n<p style=\"text-align: center\"><strong><span style=\"color: #008000\">CLICCA E COGLI AL VOLO QUESTE OCCASIONI!<\/span><\/strong><\/p>\n<div class=\"feedzy-91f5eabf19ca78bfdfffc90a416f9d17 feedzy-rss\">\n\t\t<ul class=\"feedzy-style2\">\n\t\t\t\t\t<li  style=\"padding: 23px 0 38px\" class=\"rss_item feedzy-rss-col-3\" >\n\t\t\t\t\t\t\t\t\t<div class=\"rss_image\" style=\"width:225px; height:225px;\">\n\t\t\t\t\t\t<a href=\"https:\/\/argentina.evolutiontravel.it\/it_IT\/866\/tab\/31274_sulla-rotta-di-magellano.html\" target=\"_blank\" \n\t\t\t\t\t\t\trel=\"noopener \"\n\t\t\t\t\t\t\ttitle=\"Sulla rotta di Magellano\"\n\t\t\t\t\t\t\tstyle=\"width:225px; height:225px;\">\n\t\t\t\t\t\t\t<span class=\"fetched\" style=\"background-image:  url('http:\/\/etcdn.net\/thumbnails\/31274\/it-buenos-aires-sulla-rotta-di-magellano-8010a.jpg');\" title=\"Sulla rotta di Magellano\"><\/span><amp-img width=\"225\" height=\"225\" src=\"http:\/\/etcdn.net\/thumbnails\/31274\/it-buenos-aires-sulla-rotta-di-magellano-8010a.jpg\">\t\t\t\t\t\t<\/a>\n\t\t\t\t\t<\/div>\n\t\t\t\t\t\t\t\t<div class=\"rss_content_wrap\">\n\t\t\t\t\t<span class=\"title\">\n\t\t\t\t\t\t<a href=\"https:\/\/argentina.evolutiontravel.it\/it_IT\/866\/tab\/31274_sulla-rotta-di-magellano.html\" target=\"_blank\"  rel=\"noopener \">\n\t\t\t\t\t\t\tSulla rotta di Magellano\t\t\t\t\t\t<\/a>\n\t\t\t\t\t<\/span>\n\t\t\t\t\t<div class=\"rss_content\"\n\t\t\t\t\t\t\tstyle=\"\">\n\t\t\t\t\t\t\n\t\t\t\t\t\t\t\t\t\t\t\t<p class=\"description\">Un itinerario via terra alla scoperta della Patagonia da Buenos Aires fino a Ushuaia, con tappe al Perito Morenoe Trelew Volo [&hellip;]<\/p>\n\t\t\t\t\t\t\n\t\t\t\t\t\t\t\t\t\t\t\t\t\t\t\t\t\t\t<div class=\"price-wrap\">\n\t\t\t\t\t\t\t\t<a href=\"https:\/\/argentina.evolutiontravel.it\/it_IT\/866\/tab\/31274_sulla-rotta-di-magellano.html\" target=\"_blank\" rel=\"noopener\"><button class=\"price\"> 3499<\/button><\/a>\n\t\t\t\t\t\t\t<\/div>\n\t\t\t\t\t\t\t\t\t\t\t<\/div>\n\t\t\t\t<\/div>\n\t\t\t<\/li>\n\t\t\t\t\t\t<li  style=\"padding: 23px 0 38px\" class=\"rss_item feedzy-rss-col-3\" >\n\t\t\t\t\t\t\t\t\t<div class=\"rss_image\" style=\"width:225px; height:225px;\">\n\t\t\t\t\t\t<a href=\"https:\/\/argentina.evolutiontravel.it\/it_IT\/866\/tab\/40097_tra-patagonia-iguazu-veri-paradisi-naturalistici-partenza-garantita.html\" target=\"_blank\" \n\t\t\t\t\t\t\trel=\"noopener \"\n\t\t\t\t\t\t\ttitle=\"Tra Patagonia &amp; Iguaz\u00f9 .. veri Paradisi Naturalistici - Partenza Garantita\"\n\t\t\t\t\t\t\tstyle=\"width:225px; height:225px;\">\n\t\t\t\t\t\t\t<span class=\"fetched\" style=\"background-image:  url('http:\/\/etcdn.net\/thumbnails\/37140\/it-buenos-aires-tra-patagonia-iguazu-veri-paradisi-naturalistici-701ba.jpg');\" title=\"Tra Patagonia &amp; Iguaz\u00f9 .. veri Paradisi Naturalistici - Partenza Garantita\"><\/span><amp-img width=\"225\" height=\"225\" src=\"http:\/\/etcdn.net\/thumbnails\/37140\/it-buenos-aires-tra-patagonia-iguazu-veri-paradisi-naturalistici-701ba.jpg\">\t\t\t\t\t\t<\/a>\n\t\t\t\t\t<\/div>\n\t\t\t\t\t\t\t\t<div class=\"rss_content_wrap\">\n\t\t\t\t\t<span class=\"title\">\n\t\t\t\t\t\t<a href=\"https:\/\/argentina.evolutiontravel.it\/it_IT\/866\/tab\/40097_tra-patagonia-iguazu-veri-paradisi-naturalistici-partenza-garantita.html\" target=\"_blank\"  rel=\"noopener \">\n\t\t\t\t\t\t\tTra Patagonia &amp; Iguaz\u00f9 .. veri Paradisi Naturalistici - Partenza Garantita\t\t\t\t\t\t<\/a>\n\t\t\t\t\t<\/span>\n\t\t\t\t\t<div class=\"rss_content\"\n\t\t\t\t\t\t\tstyle=\"\">\n\t\t\t\t\t\t\n\t\t\t\t\t\t\t\t\t\t\t\t<p class=\"description\">\u00c8 l'itinerario migliore per chi desidera toccare tutte le localit\u00e0 di maggior interesse dell'Argentina<\/p>\n\t\t\t\t\t\t\n\t\t\t\t\t\t\t\t\t\t\t\t\t\t\t\t\t\t\t<div class=\"price-wrap\">\n\t\t\t\t\t\t\t\t<a href=\"https:\/\/argentina.evolutiontravel.it\/it_IT\/866\/tab\/40097_tra-patagonia-iguazu-veri-paradisi-naturalistici-partenza-garantita.html\" target=\"_blank\" rel=\"noopener\"><button class=\"price\"> 3269<\/button><\/a>\n\t\t\t\t\t\t\t<\/div>\n\t\t\t\t\t\t\t\t\t\t\t<\/div>\n\t\t\t\t<\/div>\n\t\t\t<\/li>\n\t\t\t\t\t\t<li  style=\"padding: 23px 0 38px\" class=\"rss_item feedzy-rss-col-3\" >\n\t\t\t\t\t\t\t\t\t<div class=\"rss_image\" style=\"width:225px; height:225px;\">\n\t\t\t\t\t\t<a href=\"https:\/\/argentina.evolutiontravel.it\/it_IT\/866\/tab\/588_alla-scoperta-delle-due-patagonie-e-el-cruce-andino.html\" target=\"_blank\" \n\t\t\t\t\t\t\trel=\"noopener \"\n\t\t\t\t\t\t\ttitle=\"Alla scoperta delle due Patagonie e El Cruce Andino\"\n\t\t\t\t\t\t\tstyle=\"width:225px; height:225px;\">\n\t\t\t\t\t\t\t<span class=\"fetched\" style=\"background-image:  url('http:\/\/etcdn.net\/thumbnails\/588\/it-bariloche-alla-scoperta-delle-due-patagonie-largentina-e-la-cilena-59469.jpg');\" title=\"Alla scoperta delle due Patagonie e El Cruce Andino\"><\/span><amp-img width=\"225\" height=\"225\" src=\"http:\/\/etcdn.net\/thumbnails\/588\/it-bariloche-alla-scoperta-delle-due-patagonie-largentina-e-la-cilena-59469.jpg\">\t\t\t\t\t\t<\/a>\n\t\t\t\t\t<\/div>\n\t\t\t\t\t\t\t\t<div class=\"rss_content_wrap\">\n\t\t\t\t\t<span class=\"title\">\n\t\t\t\t\t\t<a href=\"https:\/\/argentina.evolutiontravel.it\/it_IT\/866\/tab\/588_alla-scoperta-delle-due-patagonie-e-el-cruce-andino.html\" target=\"_blank\"  rel=\"noopener \">\n\t\t\t\t\t\t\tAlla scoperta delle due Patagonie e El Cruce Andino\t\t\t\t\t\t<\/a>\n\t\t\t\t\t<\/span>\n\t\t\t\t\t<div class=\"rss_content\"\n\t\t\t\t\t\t\tstyle=\"\">\n\t\t\t\t\t\t\n\t\t\t\t\t\t\t\t\t\t\t\t<p class=\"description\">Da Bariloche alle Torri del Paine, quindi la Patagonia argentina e cilena, un'esperienza unica per conoscere le meraviglie di [&hellip;]<\/p>\n\t\t\t\t\t\t\n\t\t\t\t\t\t\t\t\t\t\t\t\t\t\t\t\t\t\t<div class=\"price-wrap\">\n\t\t\t\t\t\t\t\t<a href=\"https:\/\/argentina.evolutiontravel.it\/it_IT\/866\/tab\/588_alla-scoperta-delle-due-patagonie-e-el-cruce-andino.html\" target=\"_blank\" rel=\"noopener\"><button class=\"price\"> 2999<\/button><\/a>\n\t\t\t\t\t\t\t<\/div>\n\t\t\t\t\t\t\t\t\t\t\t<\/div>\n\t\t\t\t<\/div>\n\t\t\t<\/li>\n\t\t\t\t\t\t<li  style=\"padding: 23px 0 38px\" class=\"rss_item feedzy-rss-col-3\" >\n\t\t\t\t\t\t\t\t\t<div class=\"rss_image\" style=\"width:225px; height:225px;\">\n\t\t\t\t\t\t<a href=\"https:\/\/argentina.evolutiontravel.it\/it_IT\/866\/tab\/31289_maestoso-nord-la-puna-argentina.html\" target=\"_blank\" \n\t\t\t\t\t\t\trel=\"noopener \"\n\t\t\t\t\t\t\ttitle=\"Maestoso Nord: La Puna Argentina\"\n\t\t\t\t\t\t\tstyle=\"width:225px; height:225px;\">\n\t\t\t\t\t\t\t<span class=\"fetched\" style=\"background-image:  url('http:\/\/etcdn.net\/thumbnails\/31289\/it-buenos-aires-maestoso-nord-la-puna-argentina-843e9.jpg');\" title=\"Maestoso Nord: La Puna Argentina\"><\/span><amp-img width=\"225\" height=\"225\" src=\"http:\/\/etcdn.net\/thumbnails\/31289\/it-buenos-aires-maestoso-nord-la-puna-argentina-843e9.jpg\">\t\t\t\t\t\t<\/a>\n\t\t\t\t\t<\/div>\n\t\t\t\t\t\t\t\t<div class=\"rss_content_wrap\">\n\t\t\t\t\t<span class=\"title\">\n\t\t\t\t\t\t<a href=\"https:\/\/argentina.evolutiontravel.it\/it_IT\/866\/tab\/31289_maestoso-nord-la-puna-argentina.html\" target=\"_blank\"  rel=\"noopener \">\n\t\t\t\t\t\t\tMaestoso Nord: La Puna Argentina\t\t\t\t\t\t<\/a>\n\t\t\t\t\t<\/span>\n\t\t\t\t\t<div class=\"rss_content\"\n\t\t\t\t\t\t\tstyle=\"\">\n\t\t\t\t\t\t\n\t\t\t\t\t\t\t\t\t\t\t\t<p class=\"description\">Cascate, monti colorati,\u00a0valle della luna, grandi laghi andini... sono solo alcuni dei luoghi magici che si visiteranno in [&hellip;]<\/p>\n\t\t\t\t\t\t\n\t\t\t\t\t\t\t\t\t\t\t\t\t\t\t\t\t\t\t<div class=\"price-wrap\">\n\t\t\t\t\t\t\t\t<a href=\"https:\/\/argentina.evolutiontravel.it\/it_IT\/866\/tab\/31289_maestoso-nord-la-puna-argentina.html\" target=\"_blank\" rel=\"noopener\"><button class=\"price\"> 2990<\/button><\/a>\n\t\t\t\t\t\t\t<\/div>\n\t\t\t\t\t\t\t\t\t\t\t<\/div>\n\t\t\t\t<\/div>\n\t\t\t<\/li>\n\t\t\t\t\t\t<li  style=\"padding: 23px 0 38px\" class=\"rss_item feedzy-rss-col-3\" >\n\t\t\t\t\t\t\t\t\t<div class=\"rss_image\" style=\"width:225px; height:225px;\">\n\t\t\t\t\t\t<a href=\"https:\/\/argentina.evolutiontravel.it\/it_IT\/866\/tab\/30298_tra-fauna-e-natura-di-argentina-e-brasile.html\" target=\"_blank\" \n\t\t\t\t\t\t\trel=\"noopener \"\n\t\t\t\t\t\t\ttitle=\"Tra Fauna e Natura di Argentina e Brasile!\"\n\t\t\t\t\t\t\tstyle=\"width:225px; height:225px;\">\n\t\t\t\t\t\t\t<span class=\"fetched\" style=\"background-image:  url('http:\/\/etcdn.net\/thumbnails\/30298\/it-buenos-aires-tra-fauna-e-natura-di-argentina-e-brasile-80676.jpg');\" title=\"Tra Fauna e Natura di Argentina e Brasile!\"><\/span><amp-img width=\"225\" height=\"225\" src=\"http:\/\/etcdn.net\/thumbnails\/30298\/it-buenos-aires-tra-fauna-e-natura-di-argentina-e-brasile-80676.jpg\">\t\t\t\t\t\t<\/a>\n\t\t\t\t\t<\/div>\n\t\t\t\t\t\t\t\t<div class=\"rss_content_wrap\">\n\t\t\t\t\t<span class=\"title\">\n\t\t\t\t\t\t<a href=\"https:\/\/argentina.evolutiontravel.it\/it_IT\/866\/tab\/30298_tra-fauna-e-natura-di-argentina-e-brasile.html\" target=\"_blank\"  rel=\"noopener \">\n\t\t\t\t\t\t\tTra Fauna e Natura di Argentina e Brasile!\t\t\t\t\t\t<\/a>\n\t\t\t\t\t<\/span>\n\t\t\t\t\t<div class=\"rss_content\"\n\t\t\t\t\t\t\tstyle=\"\">\n\t\t\t\t\t\t\n\t\t\t\t\t\t\t\t\t\t\t\t<p class=\"description\">Un\u00a0tour ricchissimo di Flora e Fauna\u00a0alla scoperta dell'Argentina pi\u00f9 naturale per finire a Rio!!<\/p>\n\t\t\t\t\t\t\n\t\t\t\t\t\t\t\t\t\t\t\t\t\t\t\t\t\t\t<div class=\"price-wrap\">\n\t\t\t\t\t\t\t\t<a href=\"https:\/\/argentina.evolutiontravel.it\/it_IT\/866\/tab\/30298_tra-fauna-e-natura-di-argentina-e-brasile.html\" target=\"_blank\" rel=\"noopener\"><button class=\"price\"> 3479<\/button><\/a>\n\t\t\t\t\t\t\t<\/div>\n\t\t\t\t\t\t\t\t\t\t\t<\/div>\n\t\t\t\t<\/div>\n\t\t\t<\/li>\n\t\t\t\t\t\t<li  style=\"padding: 23px 0 38px\" class=\"rss_item feedzy-rss-col-3\" >\n\t\t\t\t\t\t\t\t\t<div class=\"rss_image\" style=\"width:225px; height:225px;\">\n\t\t\t\t\t\t<a href=\"https:\/\/argentina.evolutiontravel.it\/it_IT\/866\/tab\/35471_trekking-in-patagonia.html\" target=\"_blank\" \n\t\t\t\t\t\t\trel=\"noopener \"\n\t\t\t\t\t\t\ttitle=\"Trekking in Patagonia\"\n\t\t\t\t\t\t\tstyle=\"width:225px; height:225px;\">\n\t\t\t\t\t\t\t<span class=\"fetched\" style=\"background-image:  url('http:\/\/etcdn.net\/thumbnails\/35471\/it-buenos-aires-overland-patagonia-e-ruta-40-80649.jpg');\" title=\"Trekking in Patagonia\"><\/span><amp-img width=\"225\" height=\"225\" src=\"http:\/\/etcdn.net\/thumbnails\/35471\/it-buenos-aires-overland-patagonia-e-ruta-40-80649.jpg\">\t\t\t\t\t\t<\/a>\n\t\t\t\t\t<\/div>\n\t\t\t\t\t\t\t\t<div class=\"rss_content_wrap\">\n\t\t\t\t\t<span class=\"title\">\n\t\t\t\t\t\t<a href=\"https:\/\/argentina.evolutiontravel.it\/it_IT\/866\/tab\/35471_trekking-in-patagonia.html\" target=\"_blank\"  rel=\"noopener \">\n\t\t\t\t\t\t\tTrekking in Patagonia\t\t\t\t\t\t<\/a>\n\t\t\t\t\t<\/span>\n\t\t\t\t\t<div class=\"rss_content\"\n\t\t\t\t\t\t\tstyle=\"\">\n\t\t\t\t\t\t\n\t\t\t\t\t\t\t\t\t\t\t\t<p class=\"description\">Un viaggio da veri intenditori di Trekking e camminate a piedi alla scoperta della Patagonia pi\u00f9 vera.\u00a0<\/p>\n\t\t\t\t\t\t\n\t\t\t\t\t\t\t\t\t\t\t\t\t\t\t\t\t\t\t<div class=\"price-wrap\">\n\t\t\t\t\t\t\t\t<a href=\"https:\/\/argentina.evolutiontravel.it\/it_IT\/866\/tab\/35471_trekking-in-patagonia.html\" target=\"_blank\" rel=\"noopener\"><button class=\"price\"> 2999<\/button><\/a>\n\t\t\t\t\t\t\t<\/div>\n\t\t\t\t\t\t\t\t\t\t\t<\/div>\n\t\t\t\t<\/div>\n\t\t\t<\/li>\n\t\t\t\t<\/ul>\n<\/div>\n<style type=\"text\/css\" media=\"all\">.feedzy-rss .rss_item .rss_image{float:left;position:relative;border:none;text-decoration:none;max-width:100%}.feedzy-rss .rss_item .rss_image span{display:inline-block;position:absolute;width:100%;height:100%;background-position:50%;background-size:cover}.feedzy-rss .rss_item .rss_image{margin:.3em 1em 0 0;content-visibility:auto}.feedzy-rss ul{list-style:none}.feedzy-rss ul li{display:inline-block}<\/style>\n","protected":false},"excerpt":{"rendered":"<p>Ogni viaggio &#8220;fai da te&#8221; in Argentina e in qualunque altra destinazione ha vantaggi e svantaggi. Chi \u00e8 abituato a spostarsi in autonomia preferisce il fai da te per decidere l&#8217;itinerario. Il &#8220;contro&#8221; \u00e8 che non conoscendo il paese e i luoghi pi\u00f9 belli da visitare si rischia di perdere proprio il meglio. I turisti <a class=\"moretag\" href=\"https:\/\/argentina.evolutiontravel.it\/infovacanze\/informazioni\/argentina-viaggio-fai-da-te\/\">[&#8230;]<\/a><\/p>\n","protected":false},"author":6,"featured_media":0,"parent":8,"menu_order":0,"comment_status":"closed","ping_status":"open","template":"templates\/template-with-right-sidebar.php","meta":{"footnotes":""},"yoast_head":"<!-- This site is optimized with the Yoast SEO plugin v21.9.1 - https:\/\/yoast.com\/wordpress\/plugins\/seo\/ -->\n<title>Argentina fai da te? Pro, contro e consigli per viaggi senza sorprese<\/title>\n<meta name=\"description\" content=\"Stai pensando a un viaggio fai da te in Argentina? Leggi il nostro articolo per saperne di pi\u00f9 su questa destinazione di viaggi e vacanze!\" \/>\n<meta name=\"robots\" content=\"index, follow, max-snippet:-1, max-image-preview:large, max-video-preview:-1\" \/>\n<link rel=\"canonical\" href=\"https:\/\/argentina.evolutiontravel.it\/infovacanze\/informazioni\/argentina-viaggio-fai-da-te\/\" \/>\n<meta property=\"og:locale\" content=\"it_IT\" \/>\n<meta property=\"og:type\" content=\"article\" \/>\n<meta property=\"og:title\" content=\"Argentina fai da te? Pro, contro e consigli per viaggi senza sorprese\" \/>\n<meta property=\"og:description\" content=\"Stai pensando a un viaggio fai da te in Argentina? Leggi il nostro articolo per saperne di pi\u00f9 su questa destinazione di viaggi e vacanze!\" \/>\n<meta property=\"og:url\" content=\"https:\/\/argentina.evolutiontravel.it\/infovacanze\/informazioni\/argentina-viaggio-fai-da-te\/\" \/>\n<meta property=\"og:site_name\" content=\"Argentina\" \/>\n<meta property=\"article:modified_time\" content=\"2019-03-08T15:17:35+00:00\" \/>\n<meta name=\"twitter:label1\" content=\"Tempo di lettura stimato\" \/>\n\t<meta name=\"twitter:data1\" content=\"2 minuti\" \/>\n<script type=\"application\/ld+json\" class=\"yoast-schema-graph\">{\"@context\":\"https:\/\/schema.org\",\"@graph\":[{\"@type\":\"WebPage\",\"@id\":\"https:\/\/argentina.evolutiontravel.it\/infovacanze\/informazioni\/argentina-viaggio-fai-da-te\/\",\"url\":\"https:\/\/argentina.evolutiontravel.it\/infovacanze\/informazioni\/argentina-viaggio-fai-da-te\/\",\"name\":\"Argentina fai da te? Pro, contro e consigli per viaggi senza sorprese\",\"isPartOf\":{\"@id\":\"https:\/\/argentina.evolutiontravel.it\/infovacanze\/#website\"},\"datePublished\":\"2015-05-11T09:19:48+00:00\",\"dateModified\":\"2019-03-08T15:17:35+00:00\",\"description\":\"Stai pensando a un viaggio fai da te in Argentina? Leggi il nostro articolo per saperne di pi\u00f9 su questa destinazione di viaggi e vacanze!\",\"breadcrumb\":{\"@id\":\"https:\/\/argentina.evolutiontravel.it\/infovacanze\/informazioni\/argentina-viaggio-fai-da-te\/#breadcrumb\"},\"inLanguage\":\"it-IT\",\"potentialAction\":[{\"@type\":\"ReadAction\",\"target\":[\"https:\/\/argentina.evolutiontravel.it\/infovacanze\/informazioni\/argentina-viaggio-fai-da-te\/\"]}]},{\"@type\":\"BreadcrumbList\",\"@id\":\"https:\/\/argentina.evolutiontravel.it\/infovacanze\/informazioni\/argentina-viaggio-fai-da-te\/#breadcrumb\",\"itemListElement\":[{\"@type\":\"ListItem\",\"position\":1,\"name\":\"Informazioni per il viaggio\",\"item\":\"https:\/\/argentina.evolutiontravel.it\/infovacanze\/informazioni\/\"},{\"@type\":\"ListItem\",\"position\":2,\"name\":\"Fai da te Argentina, pro e contro del viaggio\"}]},{\"@type\":\"WebSite\",\"@id\":\"https:\/\/argentina.evolutiontravel.it\/infovacanze\/#website\",\"url\":\"https:\/\/argentina.evolutiontravel.it\/infovacanze\/\",\"name\":\"Argentina\",\"description\":\"\",\"potentialAction\":[{\"@type\":\"SearchAction\",\"target\":{\"@type\":\"EntryPoint\",\"urlTemplate\":\"https:\/\/argentina.evolutiontravel.it\/infovacanze\/?s={search_term_string}\"},\"query-input\":\"required name=search_term_string\"}],\"inLanguage\":\"it-IT\"}]}<\/script>\n<!-- \/ Yoast SEO plugin. -->","yoast_head_json":{"title":"Argentina fai da te? Pro, contro e consigli per viaggi senza sorprese","description":"Stai pensando a un viaggio fai da te in Argentina? Leggi il nostro articolo per saperne di pi\u00f9 su questa destinazione di viaggi e vacanze!","robots":{"index":"index","follow":"follow","max-snippet":"max-snippet:-1","max-image-preview":"max-image-preview:large","max-video-preview":"max-video-preview:-1"},"canonical":"https:\/\/argentina.evolutiontravel.it\/infovacanze\/informazioni\/argentina-viaggio-fai-da-te\/","og_locale":"it_IT","og_type":"article","og_title":"Argentina fai da te? Pro, contro e consigli per viaggi senza sorprese","og_description":"Stai pensando a un viaggio fai da te in Argentina? Leggi il nostro articolo per saperne di pi\u00f9 su questa destinazione di viaggi e vacanze!","og_url":"https:\/\/argentina.evolutiontravel.it\/infovacanze\/informazioni\/argentina-viaggio-fai-da-te\/","og_site_name":"Argentina","article_modified_time":"2019-03-08T15:17:35+00:00","twitter_misc":{"Tempo di lettura stimato":"2 minuti"},"schema":{"@context":"https:\/\/schema.org","@graph":[{"@type":"WebPage","@id":"https:\/\/argentina.evolutiontravel.it\/infovacanze\/informazioni\/argentina-viaggio-fai-da-te\/","url":"https:\/\/argentina.evolutiontravel.it\/infovacanze\/informazioni\/argentina-viaggio-fai-da-te\/","name":"Argentina fai da te? Pro, contro e consigli per viaggi senza sorprese","isPartOf":{"@id":"https:\/\/argentina.evolutiontravel.it\/infovacanze\/#website"},"datePublished":"2015-05-11T09:19:48+00:00","dateModified":"2019-03-08T15:17:35+00:00","description":"Stai pensando a un viaggio fai da te in Argentina? Leggi il nostro articolo per saperne di pi\u00f9 su questa destinazione di viaggi e vacanze!","breadcrumb":{"@id":"https:\/\/argentina.evolutiontravel.it\/infovacanze\/informazioni\/argentina-viaggio-fai-da-te\/#breadcrumb"},"inLanguage":"it-IT","potentialAction":[{"@type":"ReadAction","target":["https:\/\/argentina.evolutiontravel.it\/infovacanze\/informazioni\/argentina-viaggio-fai-da-te\/"]}]},{"@type":"BreadcrumbList","@id":"https:\/\/argentina.evolutiontravel.it\/infovacanze\/informazioni\/argentina-viaggio-fai-da-te\/#breadcrumb","itemListElement":[{"@type":"ListItem","position":1,"name":"Informazioni per il viaggio","item":"https:\/\/argentina.evolutiontravel.it\/infovacanze\/informazioni\/"},{"@type":"ListItem","position":2,"name":"Fai da te Argentina, pro e contro del viaggio"}]},{"@type":"WebSite","@id":"https:\/\/argentina.evolutiontravel.it\/infovacanze\/#website","url":"https:\/\/argentina.evolutiontravel.it\/infovacanze\/","name":"Argentina","description":"","potentialAction":[{"@type":"SearchAction","target":{"@type":"EntryPoint","urlTemplate":"https:\/\/argentina.evolutiontravel.it\/infovacanze\/?s={search_term_string}"},"query-input":"required name=search_term_string"}],"inLanguage":"it-IT"}]}},"_links":{"self":[{"href":"https:\/\/argentina.evolutiontravel.it\/infovacanze\/wp-json\/wp\/v2\/pages\/79"}],"collection":[{"href":"https:\/\/argentina.evolutiontravel.it\/infovacanze\/wp-json\/wp\/v2\/pages"}],"about":[{"href":"https:\/\/argentina.evolutiontravel.it\/infovacanze\/wp-json\/wp\/v2\/types\/page"}],"author":[{"embeddable":true,"href":"https:\/\/argentina.evolutiontravel.it\/infovacanze\/wp-json\/wp\/v2\/users\/6"}],"replies":[{"embeddable":true,"href":"https:\/\/argentina.evolutiontravel.it\/infovacanze\/wp-json\/wp\/v2\/comments?post=79"}],"version-history":[{"count":8,"href":"https:\/\/argentina.evolutiontravel.it\/infovacanze\/wp-json\/wp\/v2\/pages\/79\/revisions"}],"predecessor-version":[{"id":494,"href":"https:\/\/argentina.evolutiontravel.it\/infovacanze\/wp-json\/wp\/v2\/pages\/79\/revisions\/494"}],"up":[{"embeddable":true,"href":"https:\/\/argentina.evolutiontravel.it\/infovacanze\/wp-json\/wp\/v2\/pages\/8"}],"wp:attachment":[{"href":"https:\/\/argentina.evolutiontravel.it\/infovacanze\/wp-json\/wp\/v2\/media?parent=79"}],"curies":[{"name":"wp","href":"https:\/\/api.w.org\/{rel}","templated":true}]}}